{"id":343,"date":"2025-07-13T04:39:12","date_gmt":"2025-07-13T04:39:12","guid":{"rendered":"https:\/\/hantema.com\/backlinkpro\/urun\/trendbacklink-com\/"},"modified":"2025-07-13T04:49:17","modified_gmt":"2025-07-13T04:49:17","slug":"trendbacklink-com","status":"publish","type":"product","link":"https:\/\/hantema.com\/backlinkpro\/urun\/trendbacklink-com\/","title":{"rendered":"trendbacklink.com"},"content":{"rendered":"<p><strong data-start=\"334\" data-end=\"355\">trendbacklink.com<\/strong><br data-start=\"355\" data-end=\"358\" \/>Backlink ve SEO analizi alan\u0131nda faaliyet g\u00f6stermesi muhtemel bir platform. Web siteleri i\u00e7in backlink profili izleme, kaliteli ba\u011flant\u0131 f\u0131rsatlar\u0131 sunma veya ba\u011flant\u0131 trendlerini takip etme amac\u0131 ta\u015f\u0131yabilir.<br data-start=\"567\" data-end=\"570\" \/><strong data-start=\"570\" data-end=\"583\">Kategori:<\/strong> SEO \/ Backlink \/ Dijital Pazarlama<br data-start=\"618\" data-end=\"621\" \/><strong data-start=\"621\" data-end=\"637\" data-is-only-node=\"\">\u0130\u00e7erik T\u00fcr\u00fc:<\/strong> Ara\u00e7 \/ Analiz \/ Raporlama<br data-start=\"663\" data-end=\"666\" \/><strong data-start=\"666\" data-end=\"682\">G\u00fcven Skoru:<\/strong> Bilgi eksikli\u011fi nedeniyle hen\u00fcz belirlenemiyor \u2013 detayl\u0131 bilgilerle g\u00fcncellenebilir<\/p>\n","protected":false},"excerpt":{"rendered":"<p>trendbacklink.comBacklink ve SEO analizi alan\u0131nda faaliyet g\u00f6stermesi muhtemel bir platform. Web siteleri i\u00e7in backlink profili izleme, kaliteli ba\u011flant\u0131 f\u0131rsatlar\u0131 sunma veya ba\u011flant\u0131 trendlerini takip etme amac\u0131 ta\u015f\u0131yabilir.Kategori: SEO \/ Backlink \/ Dijital Pazarlama\u0130\u00e7erik T\u00fcr\u00fc: Ara\u00e7 \/ Analiz \/ RaporlamaG\u00fcven Skoru: Bilgi eksikli\u011fi nedeniyle hen\u00fcz belirlenemiyor \u2013 detayl\u0131 bilgilerle g\u00fcncellenebilir<\/p>\n","protected":false},"featured_media":359,"comment_status":"open","ping_status":"closed","template":"","meta":[],"product_brand":[],"product_cat":[15,28,32],"product_tag":[],"class_list":{"0":"post-343","1":"product","2":"type-product","3":"status-publish","4":"has-post-thumbnail","6":"product_cat-genel","7":"product_cat-teknoloji","8":"product_cat-tum-kategoriler","10":"first","11":"instock","12":"shipping-taxable","13":"purchasable","14":"product-type-simple"},"_links":{"self":[{"href":"https:\/\/hantema.com\/backlinkpro\/wp-json\/wp\/v2\/product\/343","targetHints":{"allow":["GET"]}}],"collection":[{"href":"https:\/\/hantema.com\/backlinkpro\/wp-json\/wp\/v2\/product"}],"about":[{"href":"https:\/\/hantema.com\/backlinkpro\/wp-json\/wp\/v2\/types\/product"}],"replies":[{"embeddable":true,"href":"https:\/\/hantema.com\/backlinkpro\/wp-json\/wp\/v2\/comments?post=343"}],"wp:featuredmedia":[{"embeddable":true,"href":"https:\/\/hantema.com\/backlinkpro\/wp-json\/wp\/v2\/media\/359"}],"wp:attachment":[{"href":"https:\/\/hantema.com\/backlinkpro\/wp-json\/wp\/v2\/media?parent=343"}],"wp:term":[{"taxonomy":"product_brand","embeddable":true,"href":"https:\/\/hantema.com\/backlinkpro\/wp-json\/wp\/v2\/product_brand?post=343"},{"taxonomy":"product_cat","embeddable":true,"href":"https:\/\/hantema.com\/backlinkpro\/wp-json\/wp\/v2\/product_cat?post=343"},{"taxonomy":"product_tag","embeddable":true,"href":"https:\/\/hantema.com\/backlinkpro\/wp-json\/wp\/v2\/product_tag?post=343"}],"curies":[{"name":"wp","href":"https:\/\/api.w.org\/{rel}","templated":true}]}}