{"id":347,"date":"2025-07-13T04:39:16","date_gmt":"2025-07-13T04:39:16","guid":{"rendered":"https:\/\/hantema.com\/backlinkpro\/urun\/shiftdelete-net\/"},"modified":"2025-07-13T04:45:34","modified_gmt":"2025-07-13T04:45:34","slug":"shiftdelete-net","status":"publish","type":"product","link":"https:\/\/hantema.com\/backlinkpro\/urun\/shiftdelete-net\/","title":{"rendered":"shiftdelete.net"},"content":{"rendered":"<p><strong data-start=\"0\" data-end=\"19\">shiftdelete.net<\/strong><br data-start=\"19\" data-end=\"22\" \/>ShiftDelete.Net, T\u00fcrkiye\u2019nin en b\u00fcy\u00fck teknoloji haber platformlar\u0131ndan biridir. Ak\u0131ll\u0131 telefonlar, bilgisayarlar, yaz\u0131l\u0131mlar ve internet d\u00fcnyas\u0131na dair en g\u00fcncel geli\u015fmeleri, incelemeleri ve rehber i\u00e7erikleri sunar.<br data-start=\"237\" data-end=\"240\" \/><strong data-start=\"240\" data-end=\"253\">Kategori:<\/strong> Teknoloji \/ Dijital<br data-start=\"273\" data-end=\"276\" \/><strong data-start=\"276\" data-end=\"292\">\u0130\u00e7erik T\u00fcr\u00fc:<\/strong> Haber, \u0130nceleme, Video, Liste<br data-start=\"322\" data-end=\"325\" \/><strong data-start=\"325\" data-end=\"341\">G\u00fcven Skoru:<\/strong> Sekt\u00f6rel bilinirli\u011fi y\u00fcksek, teknoloji takip\u00e7ileri aras\u0131nda pop\u00fcler<\/p>\n","protected":false},"excerpt":{"rendered":"<p>shiftdelete.netShiftDelete.Net, T\u00fcrkiye\u2019nin en b\u00fcy\u00fck teknoloji haber platformlar\u0131ndan biridir. Ak\u0131ll\u0131 telefonlar, bilgisayarlar, yaz\u0131l\u0131mlar ve internet d\u00fcnyas\u0131na dair en g\u00fcncel geli\u015fmeleri, incelemeleri ve rehber i\u00e7erikleri sunar.Kategori: Teknoloji \/ Dijital\u0130\u00e7erik T\u00fcr\u00fc: Haber, \u0130nceleme, Video, ListeG\u00fcven Skoru: Sekt\u00f6rel bilinirli\u011fi y\u00fcksek, teknoloji takip\u00e7ileri aras\u0131nda pop\u00fcler<\/p>\n","protected":false},"featured_media":359,"comment_status":"open","ping_status":"closed","template":"","meta":[],"product_brand":[],"product_cat":[15,27,28],"product_tag":[],"class_list":{"0":"post-347","1":"product","2":"type-product","3":"status-publish","4":"has-post-thumbnail","6":"product_cat-genel","7":"product_cat-blog","8":"product_cat-teknoloji","10":"first","11":"instock","12":"shipping-taxable","13":"purchasable","14":"product-type-simple"},"_links":{"self":[{"href":"https:\/\/hantema.com\/backlinkpro\/wp-json\/wp\/v2\/product\/347","targetHints":{"allow":["GET"]}}],"collection":[{"href":"https:\/\/hantema.com\/backlinkpro\/wp-json\/wp\/v2\/product"}],"about":[{"href":"https:\/\/hantema.com\/backlinkpro\/wp-json\/wp\/v2\/types\/product"}],"replies":[{"embeddable":true,"href":"https:\/\/hantema.com\/backlinkpro\/wp-json\/wp\/v2\/comments?post=347"}],"wp:featuredmedia":[{"embeddable":true,"href":"https:\/\/hantema.com\/backlinkpro\/wp-json\/wp\/v2\/media\/359"}],"wp:attachment":[{"href":"https:\/\/hantema.com\/backlinkpro\/wp-json\/wp\/v2\/media?parent=347"}],"wp:term":[{"taxonomy":"product_brand","embeddable":true,"href":"https:\/\/hantema.com\/backlinkpro\/wp-json\/wp\/v2\/product_brand?post=347"},{"taxonomy":"product_cat","embeddable":true,"href":"https:\/\/hantema.com\/backlinkpro\/wp-json\/wp\/v2\/product_cat?post=347"},{"taxonomy":"product_tag","embeddable":true,"href":"https:\/\/hantema.com\/backlinkpro\/wp-json\/wp\/v2\/product_tag?post=347"}],"curies":[{"name":"wp","href":"https:\/\/api.w.org\/{rel}","templated":true}]}}